{"id":4599,"date":"2024-01-08T12:18:28","date_gmt":"2024-01-08T11:18:28","guid":{"rendered":"https:\/\/proidea.pl\/authors-note-local-editions-of-4developers\/"},"modified":"2025-01-20T13:51:40","modified_gmt":"2025-01-20T12:51:40","slug":"authors-note-local-editions-of-4developers","status":"publish","type":"page","link":"https:\/\/proidea.pl\/en\/authors-note-local-editions-of-4developers\/","title":{"rendered":"Author\u2019s note: Local editions of 4Developers."},"content":{"rendered":"<p>[vc_row full_width=&#8221;stretch_row_content_no_spaces&#8221;][vc_column]<div class=\"text-on-bg text-on-bg-69de62dc7d186  wpb_animate_when_almost_visible wpb_fadeInUp fadeInUp tac top\">Lokalne edycje 4Developers<\/div><div class=\"pt-special-heading pt-special-heading-5bb70757ef56a  wpb_animate_when_almost_visible wpb_fadeInUp fadeInUp tac  vc_custom_1704712409859\"><h1 class=\"heading fw-500\"><i>Lokalne edycje 4Developers<\/i><\/h1><\/div><div class=\"pt-special-heading pt-special-heading-5bb707a5e6274  wpb_animate_when_almost_visible wpb_fadeInUp fadeInUp tac  vc_custom_1736937231081\"><h6 class=\"heading uppercase\"><i>Experience, diversity, contact - 4Developers locally, close to you!<\/i><\/h6><\/div>[vc_column_text css_animation=&#8221;fadeInUp&#8221;]<\/p>\r\n<p style=\"text-align: center;\"><span style=\"font-weight: 400;\">Local editions of 4Developers are characterized primarily by a high diversity of topics that are appropriately tailored to the needs of the region, and an intimate atmosphere conducive to networking.<\/span><\/p>\r\n<p>[\/vc_column_text][\/vc_column][\/vc_row][vc_row][vc_column]<div class=\"text-on-bg text-on-bg-69de62dc7d3ab  wpb_animate_when_almost_visible wpb_fadeInUp fadeInUp tac top\">Story<\/div><div class=\"history-block history-block-69de62dc7d41c style1  vc_custom_1538737224803\"><div class=\"history-item \"><div class=\"  wpb_animate_when_almost_visible wpb_fadeInRight fadeInRight\"><div class=\"date\">2017<\/div><div class=\"heading\">The first local editions took place in Gda\u0144sk and \u0141\u00f3d\u017a<\/div><\/div><\/div><div class=\"history-item \"><div class=\"  wpb_animate_when_almost_visible wpb_fadeInLeft fadeInLeft\"><div class=\"date\">2018<\/div><div class=\"heading\">The programming community had the opportunity to meet in Krak\u00f3w, \u0141\u00f3d\u017a and Wroc\u0142aw<\/div><\/div><\/div><div class=\"history-item \"><div class=\"  wpb_animate_when_almost_visible wpb_fadeInRight fadeInRight\"><div class=\"date\">2019<\/div><div class=\"heading\">We visited Gda\u0144sk, Krak\u00f3w, Wroc\u0142aw again and met for the first time with the communities from Pozna\u0144 and Katowice<\/div><\/div><\/div><div class=\"history-item \"><div class=\"  wpb_animate_when_almost_visible wpb_fadeInLeft fadeInLeft\"><div class=\"date\">2022<\/div><div class=\"heading\">In the fall, we returned to STATIONARY events. Together with the 4Developers conference, we visited 4 Polish cities: Katowice, Pozna\u0144, Wroc\u0142aw and \u0141\u00f3d\u017a<\/div><\/div><\/div><div class=\"history-item \"><div class=\"  wpb_animate_when_almost_visible wpb_fadeInRight fadeInRight\"><div class=\"date\">2023<\/div><div class=\"heading\">Local editions in Gda\u0144sk, Katowice, Pozna\u0144, Wroc\u0142aw and \u0141\u00f3d\u017a gathered a total of 1,170 participants!<\/div><\/div><\/div><\/div>[\/vc_column][\/vc_row][vc_row][vc_column]<div class=\"text-on-bg text-on-bg-69de62dc7d7a8  wpb_animate_when_almost_visible wpb_fadeInUp fadeInUp tac top\">Photos<\/div>[vc_gallery type=&#8221;image_grid&#8221; images=&#8221;4439,4428,4429,4430,4431,4432,4433,4434,4435,4436,4437,4438,4441&#8243;][\/vc_column][\/vc_row][vc_row css_animation=&#8221;fadeInUp&#8221; css=&#8221;.vc_custom_1540305198957{padding-bottom: 55px !important;}&#8221;][vc_column]<div class=\"text-on-bg text-on-bg-69de62dc7d817  tac top\">About The Event<\/div>[vc_column_text]<\/p>\r\n<p>The intimate 4Developers meetings feature several tracks to choose from, substantive lectures, experienced speakers and an open atmosphere. The agenda is individually tailored to the needs of the local community and allows participants to expand their knowledge and interests in the field. In turn, the local formula allows to meet experts in person and exchange experiences.<\/p>\r\n<p>The local editions of 4Developers are primarily:<\/p>\r\n<ul>\r\n\t<li aria-level=\"1\">1 day of the conference filled with substantive lectures,<\/li>\r\n\t<li aria-level=\"1\">4 thematic tracks tailored to the local community: .NET, Application Architecture, Cloud, JavaScript, Java, Soft Skills&amp;Business Relations,<\/li>\r\n\t<li aria-level=\"1\">top experts in the programming world who are open to sharing their knowledge and dialogue with participants,<\/li>\r\n\t<li aria-level=\"1\">unique atmosphere.<\/li>\r\n<\/ul>\r\n<p>[\/vc_column_text][\/vc_column][\/vc_row]<\/p>","protected":false},"excerpt":{"rendered":"<p>[vc_row full_width=&#8221;stretch_row_content_no_spaces&#8221;][vc_column][vc_column_text css_animation=&#8221;fadeInUp&#8221;] Local editions of 4Developers are characterized primarily by a high diversity of topics that are appropriately tailored to the needs of the region, and an intimate atmosphere [&hellip;]<\/p>\n","protected":false},"author":3,"featured_media":0,"parent":0,"menu_order":0,"comment_status":"closed","ping_status":"closed","template":"template-about.php","meta":{"_acf_changed":false,"ngg_post_thumbnail":0,"footnotes":""},"class_list":["post-4599","page","type-page","status-publish","hentry"],"acf":[],"_links":{"self":[{"href":"https:\/\/proidea.pl\/en\/wp-json\/wp\/v2\/pages\/4599","targetHints":{"allow":["GET"]}}],"collection":[{"href":"https:\/\/proidea.pl\/en\/wp-json\/wp\/v2\/pages"}],"about":[{"href":"https:\/\/proidea.pl\/en\/wp-json\/wp\/v2\/types\/page"}],"author":[{"embeddable":true,"href":"https:\/\/proidea.pl\/en\/wp-json\/wp\/v2\/users\/3"}],"replies":[{"embeddable":true,"href":"https:\/\/proidea.pl\/en\/wp-json\/wp\/v2\/comments?post=4599"}],"version-history":[{"count":13,"href":"https:\/\/proidea.pl\/en\/wp-json\/wp\/v2\/pages\/4599\/revisions"}],"predecessor-version":[{"id":5799,"href":"https:\/\/proidea.pl\/en\/wp-json\/wp\/v2\/pages\/4599\/revisions\/5799"}],"wp:attachment":[{"href":"https:\/\/proidea.pl\/en\/wp-json\/wp\/v2\/media?parent=4599"}],"curies":[{"name":"wp","href":"https:\/\/api.w.org\/{rel}","templated":true}]}}