{"id":4502,"date":"2019-06-24T11:57:20","date_gmt":"2019-06-24T09:57:20","guid":{"rendered":"https:\/\/proidea.pl\/author-4developers\/"},"modified":"2025-01-15T11:22:20","modified_gmt":"2025-01-15T10:22:20","slug":"author-4developers","status":"publish","type":"page","link":"https:\/\/proidea.pl\/en\/author-4developers\/","title":{"rendered":"Author: 4Developers"},"content":{"rendered":"<p>[vc_row full_width=&#8221;stretch_row_content_no_spaces&#8221;][vc_column]<div class=\"text-on-bg text-on-bg-69de6568e39bb  wpb_animate_when_almost_visible wpb_fadeInUp fadeInUp tac top\">4Developers<\/div><div class=\"pt-special-heading pt-special-heading-5bb70757ef56a  wpb_animate_when_almost_visible wpb_fadeInUp fadeInUp tac  vc_custom_1561476527679\"><h1 class=\"heading fw-500\"><i>4Developers<\/i><\/h1><\/div><div class=\"pt-special-heading pt-special-heading-5bb707a5e6274  wpb_animate_when_almost_visible wpb_fadeInUp fadeInUp tac  vc_custom_1736934305264\"><h6 class=\"heading uppercase\"><i>The largest Interdisciplinary IT Festival in Poland!<\/i><\/h6><\/div>[vc_column_text css_animation=&#8221;fadeInUp&#8221;]<\/p>\r\n<p style=\"text-align: center;\"><span style=\"font-weight: 400;\">The largest meeting of the Polish IT community.<br>\r\n<\/span> <span style=\"font-weight: 400;\">An interdisciplinary event addressed to everyone involved in the IT industry, both professionals and amateurs.<\/span><\/p>\r\n<p>[\/vc_column_text][\/vc_column][\/vc_row][vc_row css=&#8221;.vc_custom_1736934115042{margin-bottom: 30px !important;}&#8221;][vc_column]<div class=\"text-on-bg text-on-bg-69de6568e3c2e  wpb_animate_when_almost_visible wpb_fadeInUp fadeInUp tac top\">Story<\/div><div class=\"history-block history-block-69de6568e3ca0 style1  vc_custom_1538737224803\"><div class=\"history-item \"><div class=\"  wpb_animate_when_almost_visible wpb_fadeInRight fadeInRight\"><div class=\"date\">2009<\/div><div class=\"heading\">The first edition of the 4Developers Festival took place<\/div><\/div><\/div><div class=\"history-item \"><div class=\"  wpb_animate_when_almost_visible wpb_fadeInLeft fadeInLeft\"><div class=\"date\">2016<\/div><div class=\"heading\">Over 1,300 participants came to the 4Developers Festival!<\/div><\/div><\/div><div class=\"history-item \"><div class=\"  wpb_animate_when_almost_visible wpb_fadeInRight fadeInRight\"><div class=\"date\">2017<\/div><div class=\"heading\">We celebrated the 5th anniversary of the Festival<\/div><\/div><\/div><div class=\"history-item \"><div class=\"  wpb_animate_when_almost_visible wpb_fadeInLeft fadeInLeft\"><div class=\"date\">2018<\/div><div class=\"heading\">The conference already brings together over 2,300 programmers<\/div><\/div><\/div><div class=\"history-item \"><div class=\"  wpb_animate_when_almost_visible wpb_fadeInRight fadeInRight\"><div class=\"date\">2019<\/div><div class=\"heading\">We reached a record number of 101 Media Partners and Communities<\/div><\/div><\/div><div class=\"history-item \"><div class=\"  wpb_animate_when_almost_visible wpb_fadeInLeft fadeInLeft\"><div class=\"date\">2020<\/div><div class=\"heading\">During the pandemic, we moved the festival away from cyberspace<\/div><\/div><\/div><div class=\"history-item \"><div class=\"  wpb_animate_when_almost_visible wpb_fadeInRight fadeInRight\"><div class=\"date\">2022<\/div><div class=\"heading\">The last ONLINE meeting took place in April!<\/div><\/div><\/div><div class=\"history-item \"><div class=\"  wpb_animate_when_almost_visible wpb_fadeInLeft fadeInLeft\"><div class=\"date\">2022<\/div><div class=\"heading\">In the fall, we returned to STATIONARY events. Together with the 4Developers conference, we visited 4 Polish cities: Katowice, Pozna\u0144, Wroc\u0142aw and \u0141\u00f3d\u017a.<\/div><\/div><\/div><div class=\"history-item \"><div class=\"  wpb_animate_when_almost_visible wpb_fadeInRight fadeInRight\"><div class=\"date\">2023<\/div><div class=\"heading\">4Developers at PGE Narodowy! We held a conference at the football stadium.<\/div><\/div><\/div><div class=\"history-item \"><div class=\"  wpb_animate_when_almost_visible wpb_fadeInLeft fadeInLeft\"><div class=\"date\">2025<\/div><div class=\"heading\">Join us on May 6, 2025, tickets on sale now!<\/div><\/div><\/div><\/div>[mvc_advanced_button btn_text=&#8221;REGISTRATION&#8221; btn_block=&#8221;btn_block&#8221; btn_size=&#8221;15&#8243; icon_size=&#8221;15&#8243; text_style=&#8221;normal&#8221; text_decoration=&#8221;none&#8221; google_fonts=&#8221;font_family:Raleway%3A100%2C200%2C300%2Cregular%2C500%2C600%2C700%2C800%2C900|font_style:400%20regular%3A400%3Anormal&#8221; btn_url=&#8221;url:https%3A%2F%2Feventory.cc%2Fevent%2F4developers-2025%2Ftickets||target:%20_blank|&#8221; btn_clr=&#8221;#ffffff&#8221; btn_bg=&#8221;#e31043&#8243;][\/vc_column][\/vc_row][vc_row][vc_column]<div class=\"text-on-bg text-on-bg-69de6568e4244  wpb_animate_when_almost_visible wpb_fadeInUp fadeInUp tac top\">Photos<\/div>[vc_gallery type=&#8221;image_grid&#8221; images=&#8221;5580,5578,5576,5574,5572,5570,5568,5566,5564&#8243;][mvc_advanced_button btn_text=&#8221;SEE MORE&#8221; btn_size=&#8221;15&#8243; icon_size=&#8221;15&#8243; text_style=&#8221;normal&#8221; text_decoration=&#8221;none&#8221; google_fonts=&#8221;font_family:Raleway%3A100%2C200%2C300%2Cregular%2C500%2C600%2C700%2C800%2C900|font_style:400%20regular%3A400%3Anormal&#8221; btn_url=&#8221;url:https%3A%2F%2Fwww.flickr.com%2Fphotos%2Fproideastock%2Falbums%2F72177720316404532%2F||target:%20_blank|&#8221; btn_clr=&#8221;#ffffff&#8221; btn_bg=&#8221;#e31043&#8243;][\/vc_column][\/vc_row][vc_row css_animation=&#8221;fadeInUp&#8221; css=&#8221;.vc_custom_1540305198957{padding-bottom: 55px !important;}&#8221;][vc_column]<div class=\"text-on-bg text-on-bg-69de6568e42b8  tac top\">About The Event<\/div>[vc_column_text]<\/p>\r\n<p><b>4Developers \u2013 The Largest Interdisciplinary IT Festival in Poland!<\/b><\/p>\r\n<p>4Developers is one of the most recognizable events in the world of programming in Poland! For over 16 years, it has been bringing together IT enthusiasts at the Interdisciplinary Technology Festival. The 4Developers brand also hosts local editions of conferences that bring together technology communities in different cities.<\/p>\r\n<p><b>What makes 4Developers stand out?<\/b><\/p>\r\n<ul>\r\n\t<li aria-level=\"1\"><b>Diversity of topics and technologies:<\/b> the conference covers a wide spectrum of programming languages, tools and IT trends.<\/li>\r\n\t<li aria-level=\"1\"><b>Networking at the highest level:<\/b> a meeting place for programmers, testers, architects, team leaders, managers and students. The exchange of knowledge and contacts is one of the pillars of the event.<\/li>\r\n\t<li aria-level=\"1\"><b>An event for everyone:<\/b> no matter your experience level, you&#8217;ll find something for yourself here! Lectures and workshops are tailored to the needs of both professionals and beginner enthusiasts.<\/li>\r\n<\/ul>\r\n<p>4Developers is your place in the IT world.<br>\r\nDon&#8217;t wait &#8211; check out upcoming events and be part of this amazing community!<\/p>\r\n<p>[\/vc_column_text][\/vc_column][\/vc_row][vc_row][vc_column]<div class=\"testimonials testimonials-5c33895033a83 \"><div class=\"testimonial-item\" style=\"\"><div class=\"container\"><div class=\"content\"><div class=\"cell\"><div class=\"quote\">I think that such a conference, in addition to the obvious function of smuggling new knowledge in the various lectures, is a good opportunity to gain new and very interesting contacts, which often opens up new opportunities for development.<\/div><\/div><\/div><\/div><\/div><\/div>[\/vc_column][\/vc_row]<\/p>","protected":false},"excerpt":{"rendered":"<p>[vc_row full_width=&#8221;stretch_row_content_no_spaces&#8221;][vc_column][vc_column_text css_animation=&#8221;fadeInUp&#8221;] The largest meeting of the Polish IT community. An interdisciplinary event addressed to everyone involved in the IT industry, both professionals and amateurs. [\/vc_column_text][\/vc_column][\/vc_row][vc_row css=&#8221;.vc_custom_1736934115042{margin-bottom: 30px !important;}&#8221;][vc_column][mvc_advanced_button [&hellip;]<\/p>\n","protected":false},"author":3,"featured_media":0,"parent":0,"menu_order":0,"comment_status":"closed","ping_status":"closed","template":"template-about.php","meta":{"_acf_changed":false,"ngg_post_thumbnail":0,"footnotes":""},"class_list":["post-4502","page","type-page","status-publish","hentry"],"acf":[],"_links":{"self":[{"href":"https:\/\/proidea.pl\/en\/wp-json\/wp\/v2\/pages\/4502","targetHints":{"allow":["GET"]}}],"collection":[{"href":"https:\/\/proidea.pl\/en\/wp-json\/wp\/v2\/pages"}],"about":[{"href":"https:\/\/proidea.pl\/en\/wp-json\/wp\/v2\/types\/page"}],"author":[{"embeddable":true,"href":"https:\/\/proidea.pl\/en\/wp-json\/wp\/v2\/users\/3"}],"replies":[{"embeddable":true,"href":"https:\/\/proidea.pl\/en\/wp-json\/wp\/v2\/comments?post=4502"}],"version-history":[{"count":60,"href":"https:\/\/proidea.pl\/en\/wp-json\/wp\/v2\/pages\/4502\/revisions"}],"predecessor-version":[{"id":5558,"href":"https:\/\/proidea.pl\/en\/wp-json\/wp\/v2\/pages\/4502\/revisions\/5558"}],"wp:attachment":[{"href":"https:\/\/proidea.pl\/en\/wp-json\/wp\/v2\/media?parent=4502"}],"curies":[{"name":"wp","href":"https:\/\/api.w.org\/{rel}","templated":true}]}}