{"id":4501,"date":"2022-02-08T11:31:10","date_gmt":"2022-02-08T10:31:10","guid":{"rendered":"https:\/\/proidea.pl\/customers-hack4lem\/"},"modified":"2025-01-15T12:09:00","modified_gmt":"2025-01-15T11:09:00","slug":"customers-hack4lem","status":"publish","type":"page","link":"https:\/\/proidea.pl\/en\/customers-hack4lem\/","title":{"rendered":"Customers: Hack4Lem"},"content":{"rendered":"<p>[vc_row full_width=&#8221;stretch_row_content_no_spaces&#8221;][vc_column]<div class=\"text-on-bg text-on-bg-69de6320380d0  wpb_animate_when_almost_visible wpb_fadeInUp fadeInUp tac top\">Hack4Lem<\/div><div class=\"pt-special-heading pt-special-heading-5bb70757ef56a  wpb_animate_when_almost_visible wpb_fadeInUp fadeInUp tac  vc_custom_1644319613768\"><h1 class=\"heading fw-500\"><i>Hack4Lem<\/i><\/h1><\/div><div class=\"pt-special-heading pt-special-heading-5bb707a5e6274  wpb_animate_when_almost_visible wpb_fadeInUp fadeInUp tac  vc_custom_1736939283906\"><h6 class=\"heading uppercase\"><i>Program the future with Stanis\u0142aw Lem!<\/i><\/h6><\/div>[vc_column_text css_animation=&#8221;fadeInUp&#8221;]<\/p>\r\n<p style=\"text-align: center;\"><span style=\"font-weight: 400;\">Creative thinking and programming marathon as part of the Year of Lem celebrations<\/span><\/p>\r\n<p>[\/vc_column_text][\/vc_column][\/vc_row][vc_row][vc_column]<div class=\"text-on-bg text-on-bg-69de6320382fc  wpb_animate_when_almost_visible wpb_fadeInUp fadeInUp tac top\">Photos<\/div>[vc_gallery type=&#8221;image_grid&#8221; images=&#8221;4231,4232,4233,4234&#8243;][\/vc_column][\/vc_row][vc_row css_animation=&#8221;fadeInUp&#8221; css=&#8221;.vc_custom_1540305198957{padding-bottom: 55px !important;}&#8221;][vc_column]<div class=\"text-on-bg text-on-bg-69de632038368  tac top\">About The Event<\/div>[vc_column_text]<span style=\"font-size: 14px;\"> <span style=\"font-weight: 400;\">On June 18-20, Hack4Lem, an online hackathon attended by nearly half a thousand people from all over Poland, was held in the Rotunda of PKO Bank Polski in Warsaw. The hackathon, organized by PKO Bank Polski, the Lem Institute and Microsoft, was part of the celebration of the Year of Stanislaw Lem on the 100th anniversary of the writer&#8217;s birth.<\/span> <span style=\"font-weight: 400;\"><br>\r\n<\/span> <span style=\"font-weight: 400;\">In this online event, participants presented the results of their work in two categories:<\/span> <\/span><\/p>\r\n<ul>\r\n\t<li><span style=\"font-weight: 400; font-size: 14px;\"> Bank of the future &#8211; participants designed solutions related to blockchain, IoT, smart advisory or improving everyday banking for all ages.<\/span><\/li>\r\n\t<li><span style=\"font-weight: 400; font-size: 14px;\"> Combating cyberbullying &#8211; participants were tasked with creating a technological solution or educational materials to help combat hejt and cyberbullying.<\/span><\/li>\r\n<\/ul>\r\n<p><span style=\"font-weight: 400; font-size: 14px;\">The total prize pool amounted to 150,000 PLN! <\/span>[\/vc_column_text][\/vc_column][\/vc_row][vc_row][vc_column]<div class=\"testimonials testimonials-6202544a84031 \"><div class=\"testimonial-item\" style=\"\"><div class=\"container\"><div class=\"content\"><div class=\"cell\"><h2 class=\"h\">Hack4Lem to uciele\u015bnienie Roku Lema, bo jest to \u015bwi\u0119to technologii, kultury i nauki.<\/h2><div class=\"quote\">So it combines all these elements, which Stanis\u0142aw Lem also combined so perfectly in his work. Our Institute conducts digital education of society, we teach how to safely use new technologies, so we are pleased that there have been so many interesting projects in the fight against cyberbullying<\/div><div class=\"bottom\"><h6>Jakub P\u0142odzich, dyrektor Instytutu Lema<\/h6><\/div><\/div><\/div><\/div><\/div><\/div>[\/vc_column][\/vc_row]<\/p>","protected":false},"excerpt":{"rendered":"<p>[vc_row full_width=&#8221;stretch_row_content_no_spaces&#8221;][vc_column][vc_column_text css_animation=&#8221;fadeInUp&#8221;] Creative thinking and programming marathon as part of the Year of Lem celebrations [\/vc_column_text][\/vc_column][\/vc_row][vc_row][vc_column][vc_gallery type=&#8221;image_grid&#8221; images=&#8221;4231,4232,4233,4234&#8243;][\/vc_column][\/vc_row][vc_row css_animation=&#8221;fadeInUp&#8221; css=&#8221;.vc_custom_1540305198957{padding-bottom: 55px !important;}&#8221;][vc_column][vc_column_text] On June 18-20, Hack4Lem, an online hackathon [&hellip;]<\/p>\n","protected":false},"author":6,"featured_media":0,"parent":0,"menu_order":0,"comment_status":"closed","ping_status":"closed","template":"template-about.php","meta":{"_acf_changed":false,"ngg_post_thumbnail":0,"footnotes":""},"class_list":["post-4501","page","type-page","status-publish","hentry"],"acf":[],"_links":{"self":[{"href":"https:\/\/proidea.pl\/en\/wp-json\/wp\/v2\/pages\/4501","targetHints":{"allow":["GET"]}}],"collection":[{"href":"https:\/\/proidea.pl\/en\/wp-json\/wp\/v2\/pages"}],"about":[{"href":"https:\/\/proidea.pl\/en\/wp-json\/wp\/v2\/types\/page"}],"author":[{"embeddable":true,"href":"https:\/\/proidea.pl\/en\/wp-json\/wp\/v2\/users\/6"}],"replies":[{"embeddable":true,"href":"https:\/\/proidea.pl\/en\/wp-json\/wp\/v2\/comments?post=4501"}],"version-history":[{"count":50,"href":"https:\/\/proidea.pl\/en\/wp-json\/wp\/v2\/pages\/4501\/revisions"}],"predecessor-version":[{"id":5634,"href":"https:\/\/proidea.pl\/en\/wp-json\/wp\/v2\/pages\/4501\/revisions\/5634"}],"wp:attachment":[{"href":"https:\/\/proidea.pl\/en\/wp-json\/wp\/v2\/media?parent=4501"}],"curies":[{"name":"wp","href":"https:\/\/api.w.org\/{rel}","templated":true}]}}