{"id":4473,"date":"2019-06-24T11:56:32","date_gmt":"2019-06-24T09:56:32","guid":{"rendered":"https:\/\/proidea.pl\/authored-by-devops-days\/"},"modified":"2024-05-08T14:18:22","modified_gmt":"2024-05-08T12:18:22","slug":"authored-by-devops-days","status":"publish","type":"page","link":"https:\/\/proidea.pl\/en\/authored-by-devops-days\/","title":{"rendered":"Authored by: DevOps Days"},"content":{"rendered":"<p>[vc_row full_width=&#8221;stretch_row_content_no_spaces&#8221;][vc_column]<div class=\"text-on-bg text-on-bg-69d23d1278d56  wpb_animate_when_almost_visible wpb_fadeInUp fadeInUp tac top\">DevOps Days<\/div><div class=\"pt-special-heading pt-special-heading-5bb70757ef56a  wpb_animate_when_almost_visible wpb_fadeInUp fadeInUp tac  vc_custom_1561714849938\"><h1 class=\"heading fw-500\"><i>DevOps Days<\/i><\/h1><\/div><div class=\"pt-special-heading pt-special-heading-5bb707a5e6274  wpb_animate_when_almost_visible wpb_fadeInUp fadeInUp tac  vc_custom_1644777157078\"><h6 class=\"heading uppercase\"><i>Poznaj moc DevOps!<\/i><\/h6><\/div>[vc_column_text css_animation=&#8221;fadeInUp&#8221;]<\/p>\n          \n\n          <p style=\"text-align: center;\">\n            <span style=\"font-weight: 400;\">DevOpsDays Warsaw is the Polish edition of the globally popular DevOps methodology conference. Delve deeper into programming and learn more about the DevOps culture!  <\/span>\n          <\/p>\n          \n\n          <p>[\/vc_column_text][\/vc_column][\/vc_row][vc_row][vc_column]<div class=\"text-on-bg text-on-bg-69d23d1278fd9  wpb_animate_when_almost_visible wpb_fadeInUp fadeInUp tac top\">Story<\/div>\n          <div class=\"history-block history-block-69d23d127905e style1  vc_custom_1538737224803\">\n            <div class=\"history-item \"><div class=\"  wpb_animate_when_almost_visible wpb_fadeInRight fadeInRight\"><div class=\"date\">2014<\/div><div class=\"heading\">Pierwsza edycja DevOpsDays w Polsce<\/div><\/div><\/div>\n            <div class=\"history-item \"><div class=\"  wpb_animate_when_almost_visible wpb_fadeInLeft fadeInLeft\"><div class=\"date\">2015<\/div><div class=\"heading\">PROIDEA przejmuje organizacj\u0119 wydarzenia<\/div><\/div><\/div>\n            <div class=\"history-item \"><div class=\"  wpb_animate_when_almost_visible wpb_fadeInRight fadeInRight\"><div class=\"date\">2016<\/div><div class=\"heading\">Wzrost liczby uczestnik\u00f3w do 400 os\u00f3b!<\/div><\/div><\/div>\n            <div class=\"history-item \"><div class=\"  wpb_animate_when_almost_visible wpb_fadeInLeft fadeInLeft\"><div class=\"date\">2017<\/div><div class=\"heading\">Wizyta Kris Buytaert - przedstawiciela mi\u0119dzynarodowego zarz\u0105du DevOpsDays<\/div><\/div><\/div>\n            <div class=\"history-item \"><div class=\"  wpb_animate_when_almost_visible wpb_fadeInRight fadeInRight\"><div class=\"date\">2018<\/div><div class=\"heading\">W zwi\u0105zku z rosn\u0105c\u0105 popularno\u015bci\u0105 tematami DevOps uruchamiamy druga \u015bcie\u017ck\u0119 z wyk\u0142adami, a du\u017ca liczba zainteresowanych sprawia, \u017ce musimy zamkn\u0105\u0107 rejestracj\u0119 na tydzie\u0144 przed konferencj\u0105!<\/div><\/div><\/div>\n            <div class=\"history-item \"><div class=\"  wpb_animate_when_almost_visible wpb_fadeInLeft fadeInLeft\"><div class=\"date\">2020<\/div><div class=\"heading\">Organizujemy pierwsz\u0105 edycj\u0119 DevOpsDays Krak\u00f3w, a obostrzenia pandemiczne zmuszaj\u0105 nas do zmiany formu\u0142y wydarzenia na online<\/div><\/div><\/div>\n          <\/div>[\/vc_column][\/vc_row][vc_row][vc_column]<div class=\"text-on-bg text-on-bg-69d23d1279442  wpb_animate_when_almost_visible wpb_fadeInUp fadeInUp tac top\">Photos<\/div>[vc_media_grid gap=&#8221;35&#8243; grid_id=&#8221;vc_gid:1670858448036-d32f430e-2605-4&#8243; include=&#8221;4082,4083,4080,4084,4085,4086,4087,4088,4089&#8243;][vc_gallery type=&#8221;image_grid&#8221; images=&#8221;4085,4086,4087,4088,4089,4084,4083,4082,4081,4080&#8243;][\/vc_column][\/vc_row][vc_row css_animation=&#8221;fadeInUp&#8221; css=&#8221;.vc_custom_1540305198957{padding-bottom: 55px !important;}&#8221;][vc_column]<div class=\"text-on-bg text-on-bg-69d23d12794af  tac top\">About The Event<\/div>[vc_column_text]<span style=\"font-weight: 400;\">DevOpsDays is an international conference for all DevOps enthusiasts, developers, IT departments, executives, sales teams and sys admins. A worldwide series of technical conferences dedicated to the issues of software development, IT infrastructure and their interconnection. Topics often include automation, testing, security and organizational culture. Following the idea of DevOps &#8211; anyone who is responsible for the development and efficiency of a website can feel invited!<\/span>[\/vc_column_text][\/vc_column][\/vc_row]<\/p>\r\n","protected":false},"excerpt":{"rendered":"<p>[vc_row full_width=&#8221;stretch_row_content_no_spaces&#8221;][vc_column][vc_column_text css_animation=&#8221;fadeInUp&#8221;] DevOpsDays Warsaw is the Polish edition of the globally popular DevOps methodology conference. Delve deeper into programming and learn more about the DevOps culture! [\/vc_column_text][\/vc_column][\/vc_row][vc_row][vc_column] [\/vc_column][\/vc_row][vc_row][vc_column][vc_media_grid gap=&#8221;35&#8243; [&hellip;]<\/p>\n","protected":false},"author":3,"featured_media":0,"parent":0,"menu_order":0,"comment_status":"closed","ping_status":"closed","template":"template-about.php","meta":{"_acf_changed":false,"ngg_post_thumbnail":0,"footnotes":""},"class_list":["post-4473","page","type-page","status-publish","hentry"],"acf":[],"_links":{"self":[{"href":"https:\/\/proidea.pl\/en\/wp-json\/wp\/v2\/pages\/4473","targetHints":{"allow":["GET"]}}],"collection":[{"href":"https:\/\/proidea.pl\/en\/wp-json\/wp\/v2\/pages"}],"about":[{"href":"https:\/\/proidea.pl\/en\/wp-json\/wp\/v2\/types\/page"}],"author":[{"embeddable":true,"href":"https:\/\/proidea.pl\/en\/wp-json\/wp\/v2\/users\/3"}],"replies":[{"embeddable":true,"href":"https:\/\/proidea.pl\/en\/wp-json\/wp\/v2\/comments?post=4473"}],"version-history":[{"count":16,"href":"https:\/\/proidea.pl\/en\/wp-json\/wp\/v2\/pages\/4473\/revisions"}],"predecessor-version":[{"id":5360,"href":"https:\/\/proidea.pl\/en\/wp-json\/wp\/v2\/pages\/4473\/revisions\/5360"}],"wp:attachment":[{"href":"https:\/\/proidea.pl\/en\/wp-json\/wp\/v2\/media?parent=4473"}],"curies":[{"name":"wp","href":"https:\/\/api.w.org\/{rel}","templated":true}]}}