{"id":4450,"date":"2022-09-01T16:01:29","date_gmt":"2022-09-01T14:01:29","guid":{"rendered":"https:\/\/proidea.pl\/calendar\/"},"modified":"2024-05-08T15:11:57","modified_gmt":"2024-05-08T13:11:57","slug":"calendar","status":"publish","type":"page","link":"https:\/\/proidea.pl\/en\/calendar\/","title":{"rendered":"calendar"},"content":{"rendered":"<p>[vc_row][vc_column][vc_column_text]<\/p>\r\n<!=========Events Timeline Template 3.6.2=========><script type=\"application\/ld+json\">\r\n[{\"@context\":\"http:\/\/schema.org\",\"@type\":\"Event\",\"name\":\"CONFidence\",\"description\":\"&lt;p&gt;Od ponad dw\\u00f3ch dekad CONFidence jest miejscem spotka\\u0144 ekspert\\u00f3w cyberbezpiecze\\u0144stwa, haker\\u00f3w, programist\\u00f3w i specjalist\\u00f3w IT, kt\\u00f3rzy ucz\\u0105 si\\u0119, nawi\\u0105zuj\\u0105 kontakty i wprowadzaj\\u0105 innowacje. Konferencja stale si\\u0119 rozwija i gromadzi prawie [&hellip;]&lt;\/p&gt;\\\\n\",\"url\":\"https:\/\/proidea.pl\/en\/kalendarium\/confidence-2\/\",\"eventAttendanceMode\":\"https:\/\/schema.org\/OfflineEventAttendanceMode\",\"eventStatus\":\"https:\/\/schema.org\/EventScheduled\",\"startDate\":\"2026-05-25T08:00:00+02:00\",\"endDate\":\"2026-05-26T18:00:00+02:00\",\"location\":{\"@type\":\"Place\",\"name\":\"EXPO Krakow\",\"description\":\"\",\"url\":\"\",\"address\":{\"@type\":\"PostalAddress\",\"streetAddress\":\"Galician 9\",\"addressLocality\":\"Krakow\",\"addressCountry\":\"Poland\"},\"telephone\":\"\",\"sameAs\":\"\"},\"performer\":\"Organization\"},{\"@context\":\"http:\/\/schema.org\",\"@type\":\"Event\",\"name\":\"Oh My Hack\",\"description\":\"&lt;p&gt;The 8th edition of the Oh My Hack conference will take place on December 2, 2026, at the PGE National Stadium in Warsaw. This is a key event in the [&hellip;]&lt;\/p&gt;\\\\n\",\"url\":\"https:\/\/proidea.pl\/en\/kalendarium\/oh-my-hack-2\/\",\"eventAttendanceMode\":\"https:\/\/schema.org\/OfflineEventAttendanceMode\",\"eventStatus\":\"https:\/\/schema.org\/EventScheduled\",\"startDate\":\"2026-12-02T08:00:00+01:00\",\"endDate\":\"2026-12-02T18:00:00+01:00\",\"location\":{\"@type\":\"Place\",\"name\":\"National PGE\",\"description\":\"\",\"url\":\"\",\"address\":{\"@type\":\"PostalAddress\",\"streetAddress\":\"al. Prince J\\u00f3zef Poniatowski 1\",\"addressLocality\":\"Warsaw\"},\"telephone\":\"\",\"sameAs\":\"\"},\"performer\":\"Organization\"}]\r\n<\/script><div id=\"event-timeline-wrapper\" class=\"all style-1 event-timeline-wrapper event-timeline-line\"><div class=\"cool-event-timeline cool-event-timeline-line\"><div class=\"ect-timeline-year\">\n                        <div class=\"year-placeholder\"><!-- Month \/ Year Headers --><span class='month-year-box'><span>May 2026<\/span><\/span><\/div>\n                        <\/div><div id=\"event-6295\" class=\"ect-timeline-post even ect-simple-event style-1\"><div class=\"timeline-dots\"><\/div><div class=\"timeline-content even\"><div class=\"ect-timeline-header\"><a class=\"timeline-ev-img\" href=\"https:\/\/proidea.pl\/en\/kalendarium\/confidence-2\/\"><img decoding=\"async\" src=\"https:\/\/proidea.pl\/wp-content\/plugins\/the-events-calendar-templates-and-shortcode\/assets\/images\/event-template-bg.png\" alt=\"CONFidence\"\/><\/a><\/div><div class=\"ect-timeline-main-content\"><div class=\"ect-timeline-date\"><div class=\"ect-date-area timeline-view-schedule\">\n\t\t\t\t\t\t\t\t<span class=\"ev-day\">25<\/span>\n\t\t\t\t\t\t\t\t<span class=\"ev-mo\">May<\/span>\n\t\t\t\t\t\t\t\t<span class=\"ev-yr\">2026<\/span>\n\t\t\t\t\t\t\t\t<\/div><\/div><h2 class=\"content-title\"><a class=\"ect-event-url\" href=\"https:\/\/proidea.pl\/en\/kalendarium\/confidence-2\/\" rel=\"bookmark\">CONFidence<\/a><\/h2><!-- Event Content --><div class=\"ect-event-content\"><p>Od ponad dw\u00f3ch dekad CONFidence jest miejscem spotka\u0144 ekspert\u00f3w cyberbezpiecze\u0144stwa, haker\u00f3w, programist\u00f3w i specjalist\u00f3w IT, kt\u00f3rzy ucz\u0105 si\u0119, nawi\u0105zuj\u0105 kontakty i wprowadzaj\u0105 innowacje. Konferencja stale si\u0119 rozwija i gromadzi prawie[...]<\/p><\/div><div class=\"timeline-view-venue\"><span class=\"ect-icon\"><i class=\"ect-icon-location\" aria-hidden=\"true\"><\/i><\/span><!-- Venue Display Info -->\n                        <span class=\"ect-venue-details ect-address\">\n                       \n                        <div>EXPO Krakow,<span class=\"tribe-address\">\n\n<span class=\"tribe-street-address\">Galician 9<\/span>\n\t\n\t\t<br>\n\t\t<span class=\"tribe-locality\">Krakow<\/span><span class=\"tribe-delimiter\">,<\/span>\n\n\n\n\t<span class=\"tribe-country-name\">Poland<\/span>\n\n<\/span>\n<\/div><span class=\"ect-google\"><a class=\"tribe-events-gmap\" href=\"https:\/\/maps.google.com\/maps?f=q&#038;source=s_q&#038;hl=en&#038;geocode=&#038;q=Galician+9+Krakow+Poland\" title=\"Click to view a Google Map\" target=\"_blank\" rel=\"noreferrer noopener\">+ Google Map<\/a><\/span><\/span><\/div><\/div><div class=\"ect-lslist-event-detail\">\n        <a href=\"https:\/\/proidea.pl\/en\/kalendarium\/confidence-2\/\" title=\"CONFidence\" rel=\"bookmark\">Find out more<\/a>\n        <\/div><\/div><\/div><div class=\"ect-timeline-year\">\n                        <div class=\"year-placeholder\"><!-- Month \/ Year Headers --><span class='month-year-box'><span>Dec 2026<\/span><\/span><\/div>\n                        <\/div><div id=\"event-6308\" class=\"ect-timeline-post odd ect-simple-event style-1\"><div class=\"timeline-dots\"><\/div><div class=\"timeline-content odd\"><div class=\"ect-timeline-header\"><a class=\"timeline-ev-img\" href=\"https:\/\/proidea.pl\/en\/kalendarium\/oh-my-hack-2\/\"><img decoding=\"async\" src=\"https:\/\/proidea.pl\/wp-content\/plugins\/the-events-calendar-templates-and-shortcode\/assets\/images\/event-template-bg.png\" alt=\"Oh My Hack\"\/><\/a><\/div><div class=\"ect-timeline-main-content\"><div class=\"ect-timeline-date\"><div class=\"ect-date-area timeline-view-schedule\">\n\t\t\t\t\t\t\t\t<span class=\"ev-day\">02<\/span>\n\t\t\t\t\t\t\t\t<span class=\"ev-mo\">December<\/span>\n\t\t\t\t\t\t\t\t<span class=\"ev-yr\">2026<\/span>\n\t\t\t\t\t\t\t\t<\/div><\/div><h2 class=\"content-title\"><a class=\"ect-event-url\" href=\"https:\/\/proidea.pl\/en\/kalendarium\/oh-my-hack-2\/\" rel=\"bookmark\">Oh My Hack<\/a><\/h2><!-- Event Content --><div class=\"ect-event-content\"><p>The 8th edition of the Oh My Hack conference will take place on December 2, 2026, at the PGE National Stadium in Warsaw. This is a key event in the[...]<\/p><\/div><div class=\"timeline-view-venue\"><span class=\"ect-icon\"><i class=\"ect-icon-location\" aria-hidden=\"true\"><\/i><\/span><!-- Venue Display Info -->\n                        <span class=\"ect-venue-details ect-address\">\n                       \n                        <div>National PGE,<span class=\"tribe-address\">\n\n<span class=\"tribe-street-address\">al. Prince J\u00f3zef Poniatowski 1<\/span>\n\t\n\t\t<br>\n\t\t<span class=\"tribe-locality\">Warsaw<\/span><span class=\"tribe-delimiter\">,<\/span>\n\n\n\n\n<\/span>\n<\/div><span class=\"ect-google\"><a class=\"tribe-events-gmap\" href=\"https:\/\/maps.google.com\/maps?f=q&#038;source=s_q&#038;hl=en&#038;geocode=&#038;q=al.+Prince+J%C3%B3zef+Poniatowski+1+Warsaw\" title=\"Click to view a Google Map\" target=\"_blank\" rel=\"noreferrer noopener\">+ Google Map<\/a><\/span><\/span><\/div><\/div><div class=\"ect-lslist-event-detail\">\n        <a href=\"https:\/\/proidea.pl\/en\/kalendarium\/oh-my-hack-2\/\" title=\"Oh My Hack\" rel=\"bookmark\">Find out more<\/a>\n        <\/div><\/div><\/div><\/div><\/div>\r\n<p>[\/vc_column_text][\/vc_column][\/vc_row]<\/p>","protected":false},"excerpt":{"rendered":"<p>[vc_row][vc_column][vc_column_text] [\/vc_column_text][\/vc_column][\/vc_row]<\/p>\n","protected":false},"author":3,"featured_media":0,"parent":0,"menu_order":0,"comment_status":"closed","ping_status":"closed","template":"template-landing.php","meta":{"_acf_changed":false,"ngg_post_thumbnail":0,"footnotes":""},"class_list":["post-4450","page","type-page","status-publish","hentry"],"acf":[],"_links":{"self":[{"href":"https:\/\/proidea.pl\/en\/wp-json\/wp\/v2\/pages\/4450","targetHints":{"allow":["GET"]}}],"collection":[{"href":"https:\/\/proidea.pl\/en\/wp-json\/wp\/v2\/pages"}],"about":[{"href":"https:\/\/proidea.pl\/en\/wp-json\/wp\/v2\/types\/page"}],"author":[{"embeddable":true,"href":"https:\/\/proidea.pl\/en\/wp-json\/wp\/v2\/users\/3"}],"replies":[{"embeddable":true,"href":"https:\/\/proidea.pl\/en\/wp-json\/wp\/v2\/comments?post=4450"}],"version-history":[{"count":5,"href":"https:\/\/proidea.pl\/en\/wp-json\/wp\/v2\/pages\/4450\/revisions"}],"predecessor-version":[{"id":5431,"href":"https:\/\/proidea.pl\/en\/wp-json\/wp\/v2\/pages\/4450\/revisions\/5431"}],"wp:attachment":[{"href":"https:\/\/proidea.pl\/en\/wp-json\/wp\/v2\/media?parent=4450"}],"curies":[{"name":"wp","href":"https:\/\/api.w.org\/{rel}","templated":true}]}}